{"id":1490,"date":"2023-02-16T13:33:30","date_gmt":"2023-02-16T12:33:30","guid":{"rendered":"https:\/\/welonda.pl\/?post_type=product&#038;p=1490"},"modified":"2023-05-06T17:52:31","modified_gmt":"2023-05-06T15:52:31","slug":"niigata-japan_shinkansen-6-55","status":"publish","type":"product","link":"https:\/\/welonda.pl\/en\/product\/niigata-japan_shinkansen-6-55\/","title":{"rendered":"NIIGATA JAPAN_SHINKANSEN 6.55\u2033"},"content":{"rendered":"<p style=\"text-align: center;\">COMPLETE IN YOUR LIVING ROOM<span class=\"Apple-converted-space\">\u00a0<\/span><\/p>\n<p style=\"text-align: center;\">order any FOUR Niigata Japan products and ask us about our special wholesale program<\/p>\n<p style=\"text-align: center;\">NIIGATA_JPN_PRO!<span class=\"Apple-converted-space\">\u00a0<\/span><\/p>\n<p>&nbsp;<\/p>\n<p>Niigata Japan<span class=\"Apple-converted-space\">\u00a0 <\/span><b>SHINKANSEN<\/b> \u2013 an excellent model with a pyramid-shaped blade designed<span class=\"Apple-converted-space\">\u00a0 <\/span>for exceptionally precise cutting projects. Despite the size<span class=\"Apple-converted-space\">\u00a0 <\/span>6.55\u201d shears are very light and graceful. Perfection hidden in a slim and unique design<span class=\"Apple-converted-space\">\u00a0 <\/span>Niigata.<span class=\"Apple-converted-space\">\u00a0<\/span><\/p>\n<p>They provide great freedom of work and enable the use of many demanding techniques.<span class=\"Apple-converted-space\">\u00a0 <\/span>precision and finesse. <span class=\"Apple-converted-space\">\u00a0<\/span><\/p>\n<p>Technical properties:<\/p>\n<p>\u2013 Completely handcrafted in Japan<span class=\"Apple-converted-space\">\u00a0 <\/span>with an engraved individual serial number.<\/p>\n<p>\u2013 Available size: 6.55\u201d<\/p>\n<p>\u2013 Patented KMBB\u00ae mechanism:<span class=\"Apple-converted-space\">\u00a0 <\/span>perfect integrated bearing mechanism.<\/p>\n<p>The SHINKANSEN model is in the 3rd level of the R series of quality<span class=\"Apple-converted-space\">\u00a0 <\/span>Niigata Japan products<\/p>\n<p>on a 5-point BMAC scale.<\/p>\n<div class=\"page\" title=\"Page 10\">\n<div class=\"section\">\n<div class=\"layoutArea\">\n<div class=\"column\">\n<p>&nbsp;<\/p>\n<\/div>\n<\/div>\n<\/div>\n<\/div>","protected":false},"excerpt":{"rendered":"<p>SKOMPLETUJ W SWOIM SALONiE\u00a0 zam\u00f3wienie na CZTERY \u00a0dowolne produkty Niigata Japan i zapytaj nas o specjalny program sprzedaz\u0307y hurtowej NIIGATA_JPN_PRO!\u00a0 &nbsp; Niigata Japan\u00a0 SHINKANSEN \u2013 znakomity model z piramidalnym ostrzem zaprojektowany\u00a0 dla wyj\u0105tkowo precyzyjnych projekt\u00f3w strzy\u017cenia. Mimo rozmiaru\u00a0 6.55\u201d no\u017cyce s\u0105 bardzo lekkie i zgrabne. Doskona\u0142o\u015b\u0107 ukryta w smuk\u0142ej i unikalnej konstrukcji\u00a0 Niigata.\u00a0 Zapewniaj\u0105 du\u017c\u0105 swobod\u0119 pracy i umo\u017cliwiaj\u0105 zastosowanie wielu technik&#8230;<\/p>","protected":false},"featured_media":1492,"template":"","meta":{"_themeisle_gutenberg_block_has_review":false},"product_brand":[],"product_cat":[39],"product_tag":[],"class_list":{"0":"post-1490","1":"product","2":"type-product","3":"status-publish","4":"has-post-thumbnail","6":"product_cat-niigata","8":"first","9":"instock","10":"taxable","11":"shipping-taxable","12":"purchasable","13":"product-type-simple"},"acf":[],"_links":{"self":[{"href":"https:\/\/welonda.pl\/en\/wp-json\/wp\/v2\/product\/1490","targetHints":{"allow":["GET"]}}],"collection":[{"href":"https:\/\/welonda.pl\/en\/wp-json\/wp\/v2\/product"}],"about":[{"href":"https:\/\/welonda.pl\/en\/wp-json\/wp\/v2\/types\/product"}],"wp:featuredmedia":[{"embeddable":true,"href":"https:\/\/welonda.pl\/en\/wp-json\/wp\/v2\/media\/1492"}],"wp:attachment":[{"href":"https:\/\/welonda.pl\/en\/wp-json\/wp\/v2\/media?parent=1490"}],"wp:term":[{"taxonomy":"product_brand","embeddable":true,"href":"https:\/\/welonda.pl\/en\/wp-json\/wp\/v2\/product_brand?post=1490"},{"taxonomy":"product_cat","embeddable":true,"href":"https:\/\/welonda.pl\/en\/wp-json\/wp\/v2\/product_cat?post=1490"},{"taxonomy":"product_tag","embeddable":true,"href":"https:\/\/welonda.pl\/en\/wp-json\/wp\/v2\/product_tag?post=1490"}],"curies":[{"name":"wp","href":"https:\/\/api.w.org\/{rel}","templated":true}]}}