{"id":1318,"date":"2023-02-08T18:13:00","date_gmt":"2023-02-08T17:13:00","guid":{"rendered":"https:\/\/welonda.pl\/?post_type=product&#038;p=1318"},"modified":"2026-02-09T07:03:41","modified_gmt":"2026-02-09T06:03:41","slug":"profesjonalna-maszynka-oc20-exonda","status":"publish","type":"product","link":"https:\/\/welonda.pl\/en\/product\/profesjonalna-maszynka-oc20-exonda\/","title":{"rendered":"\u2b50\ufe0f EXONDA Professional OC20 NEW"},"content":{"rendered":"<div class=\"page\" title=\"Page 1\">\n<div class=\"section\">\n<div class=\"layoutArea\">\n<div class=\"column\">\n<p>Full 12 month warranty!<\/p>\n<p>All Exonda Professional products are made in Germany!<\/p>\n<p>&nbsp;<\/p>\n<p>Highest quality for professionals.<\/p>\n<p>Ergonomic, specially contoured shape that fits in the hand.<br \/>\nDurable and reliable \u2013 carefully developed technology for maximum comfort manufactured from the best materials.<br \/>\nHigh-quality blade is made of stainless steel Maximum cutting precision thanks to the close cutting angle<br \/>\nRemovable blade head for quick and easy cleaning.<br \/>\nIntegrated blade adjustment system for cutting length Optimal ergonomic shape for maximum hand comfort<br \/>\nDual use:<\/p>\n<p>\u203c\ufe0f\u203c\ufe0fWireless operation powered by a built-in battery<\/p>\n<p>\u203c\ufe0f\u203c\ufe0fAllows operation with direct connection to power supply<\/p>\n<p>Extremely quiet and light<br \/>\nFree from vibrations and tremors<br \/>\nThe latest technology, very efficient and durable battery (Li-Ion)<br \/>\nBuilt-in fast battery charging system Provides very long time of cordless operation LED charge status indicator integrated with the on\/off button<br \/>\nIncludes adjustable comb attachments (4,8,12,16,20mm \/ 0.16, 0.31, 0.47, 0.63, 0.79 inch).<\/p>\n<\/div>\n<\/div>\n<\/div>\n<\/div>\n<p>&nbsp;<\/p>","protected":false},"excerpt":{"rendered":"<p>Pe\u0142na gwaranta 12 miesi\u0119cy ! Wszystkie produkty Exonda Profesional s\u0105 wyprodukowane w Niemczech ! &nbsp; Najwyz\u0307sza jakos\u0301ci dla profesjonalisto\u0301w. Ergonomiczny specjalnie wyprofilowany kszta\u0142t wpasowuj\u0105cy si\u0119 w d\u0142o\u0144. Trwa\u0142e i niezawodne &#8211; starannie opracowana technologia dla maksymalnej wygody wyprodukowana z najlepszych materia\u0142o\u0301w. Wysokiej jakos\u0301ci ostrze jest wykonane ze stali nierdzewnej Maksymalna precyzja strzyz\u0307enia dzie\u0328ki bliskiemu ka\u0328towi cie\u0328cia Zdejmowana g\u0142owica ostrza do szybkiego i&#8230;<\/p>","protected":false},"featured_media":1320,"template":"","meta":{"_themeisle_gutenberg_block_has_review":false},"product_brand":[],"product_cat":[180],"product_tag":[],"class_list":{"0":"post-1318","1":"product","2":"type-product","3":"status-publish","4":"has-post-thumbnail","6":"product_cat-exonda","8":"first","9":"instock","10":"taxable","11":"shipping-taxable","12":"purchasable","13":"product-type-simple"},"acf":[],"_links":{"self":[{"href":"https:\/\/welonda.pl\/en\/wp-json\/wp\/v2\/product\/1318","targetHints":{"allow":["GET"]}}],"collection":[{"href":"https:\/\/welonda.pl\/en\/wp-json\/wp\/v2\/product"}],"about":[{"href":"https:\/\/welonda.pl\/en\/wp-json\/wp\/v2\/types\/product"}],"wp:featuredmedia":[{"embeddable":true,"href":"https:\/\/welonda.pl\/en\/wp-json\/wp\/v2\/media\/1320"}],"wp:attachment":[{"href":"https:\/\/welonda.pl\/en\/wp-json\/wp\/v2\/media?parent=1318"}],"wp:term":[{"taxonomy":"product_brand","embeddable":true,"href":"https:\/\/welonda.pl\/en\/wp-json\/wp\/v2\/product_brand?post=1318"},{"taxonomy":"product_cat","embeddable":true,"href":"https:\/\/welonda.pl\/en\/wp-json\/wp\/v2\/product_cat?post=1318"},{"taxonomy":"product_tag","embeddable":true,"href":"https:\/\/welonda.pl\/en\/wp-json\/wp\/v2\/product_tag?post=1318"}],"curies":[{"name":"wp","href":"https:\/\/api.w.org\/{rel}","templated":true}]}}