{"id":1313,"date":"2023-02-08T18:02:47","date_gmt":"2023-02-08T17:02:47","guid":{"rendered":"https:\/\/welonda.pl\/?post_type=product&#038;p=1313"},"modified":"2025-01-08T10:50:35","modified_gmt":"2025-01-08T09:50:35","slug":"professional-barber-clipper-no-1-kopia","status":"publish","type":"product","link":"https:\/\/welonda.pl\/en\/product\/professional-barber-clipper-no-1-kopia\/","title":{"rendered":"EXONDA Professional Trimmer OT14_NEW"},"content":{"rendered":"<p>\u203c\ufe0f\u203c\ufe0fMade in Germany!<\/p>\n<p>Full 12 month warranty!<\/p>\n<p>Top quality for professionals!<\/p>\n<p>Durable and reliable \u2013 carefully developed technology for maximum comfort manufactured from the best materials.<\/p>\n<p>The latest lithium-ion battery technology<\/p>\n<p>High quality carbon steel blade head.<span class=\"Apple-converted-space\">\u00a0<\/span><\/p>\n<p>Accurate and efficient cutting precision<\/p>\n<p>Removable blade head for quick and easy cleaning<\/p>\n<p>Ergonomic design prevents hand fatigue and allows you to work freely.<span class=\"Apple-converted-space\">\u00a0<\/span><\/p>\n<p>Ultra-quiet and lightweight<\/p>\n<p>Vibration-free yet powerful<\/p>\n<p>Very efficient and durable battery<\/p>\n<p>Fast battery charging system<span class=\"Apple-converted-space\">\u00a0 \u00a0 \u00a0 \u00a0 \u00a0 \u00a0 \u00a0<\/span><span class=\"Apple-converted-space\">\u00a0<\/span><\/p>\n<p>LED charging indicator<\/p>\n<p>Includes adjustable comb attachments (3 \u2013 6 mm \/<\/p>\n<p>0.12 - 0.24 inch)<\/p>\n<p>&nbsp;<\/p>","protected":false},"excerpt":{"rendered":"<p>\u203c\ufe0f\u203c\ufe0fMade in Germany! Pe\u0142na gwarancja 12 miesi\u0119cy ! Najwy\u017csza jako\u015b\u0107 dla profesjonalist\u00f3w! Trwa\u0142e i niezawodne &#8211; starannie opracowana technologia dla maksymalnej wygody wyprodukowana z najlepszych materia\u0142\u00f3w. Najnowsza technologia akumulator\u00f3w litowo-jonowych G\u0142owica ostrza ze stali w\u0119glowej wysokiej jako\u015bci.\u00a0 Dok\u0142adna i wydajna precyzja ci\u0119cia Zdejmowana g\u0142owica ostrza do szybkiego i \u0142atwego czyszczenia Ergonomiczna konstrukcja zapobiegaj\u0105ca zm\u0119czeniu d\u0142oni umo\u017cliwia swobodn\u0105 prac\u0119.\u00a0 Ultra &#8211; cicha i&#8230;<\/p>","protected":false},"featured_media":2109,"template":"","meta":{"_themeisle_gutenberg_block_has_review":false},"product_brand":[],"product_cat":[180],"product_tag":[],"class_list":{"0":"post-1313","1":"product","2":"type-product","3":"status-publish","4":"has-post-thumbnail","6":"product_cat-exonda","8":"first","9":"instock","10":"taxable","11":"shipping-taxable","12":"purchasable","13":"product-type-simple"},"acf":[],"_links":{"self":[{"href":"https:\/\/welonda.pl\/en\/wp-json\/wp\/v2\/product\/1313","targetHints":{"allow":["GET"]}}],"collection":[{"href":"https:\/\/welonda.pl\/en\/wp-json\/wp\/v2\/product"}],"about":[{"href":"https:\/\/welonda.pl\/en\/wp-json\/wp\/v2\/types\/product"}],"wp:featuredmedia":[{"embeddable":true,"href":"https:\/\/welonda.pl\/en\/wp-json\/wp\/v2\/media\/2109"}],"wp:attachment":[{"href":"https:\/\/welonda.pl\/en\/wp-json\/wp\/v2\/media?parent=1313"}],"wp:term":[{"taxonomy":"product_brand","embeddable":true,"href":"https:\/\/welonda.pl\/en\/wp-json\/wp\/v2\/product_brand?post=1313"},{"taxonomy":"product_cat","embeddable":true,"href":"https:\/\/welonda.pl\/en\/wp-json\/wp\/v2\/product_cat?post=1313"},{"taxonomy":"product_tag","embeddable":true,"href":"https:\/\/welonda.pl\/en\/wp-json\/wp\/v2\/product_tag?post=1313"}],"curies":[{"name":"wp","href":"https:\/\/api.w.org\/{rel}","templated":true}]}}