{"id":1285,"date":"2023-02-08T15:10:32","date_gmt":"2023-02-08T14:10:32","guid":{"rendered":"https:\/\/welonda.pl\/?post_type=product&#038;p=1285"},"modified":"2024-11-06T10:31:39","modified_gmt":"2024-11-06T09:31:39","slug":"exonda","status":"publish","type":"product","link":"https:\/\/welonda.pl\/en\/product\/exonda\/","title":{"rendered":"RED DEER_Profesional BARBER T-TRIMMER no.1"},"content":{"rendered":"<p>\u203c\ufe0f\u203c\ufe0fMade in Germany!<\/p>\n<p><img loading=\"lazy\" decoding=\"async\" class=\"alignnone wp-image-1451\" src=\"https:\/\/welonda.pl\/wp-content\/uploads\/2023\/02\/Zrzut-ekranu-2023-02-15-o-22.24.23-282x300.png\" alt=\"\" width=\"150\" height=\"160\" srcset=\"https:\/\/welonda.pl\/wp-content\/uploads\/2023\/02\/Zrzut-ekranu-2023-02-15-o-22.24.23-282x300.png 282w, https:\/\/welonda.pl\/wp-content\/uploads\/2023\/02\/Zrzut-ekranu-2023-02-15-o-22.24.23-300x319.png 300w, https:\/\/welonda.pl\/wp-content\/uploads\/2023\/02\/Zrzut-ekranu-2023-02-15-o-22.24.23.png 344w\" sizes=\"auto, (max-width: 150px) 100vw, 150px\" \/>Professional BARBER<span class=\"Apple-converted-space\">\u00a0 <\/span>T-TRIMMER<span class=\"Apple-converted-space\">\u00a0 \u00a0 \u00a0 \u00a0 \u00a0 \u00a0<\/span><\/p>\n<div class=\"page\" title=\"Page 15\">\n<div class=\"layoutArea\">\n<div class=\"column\">\n<p>The highest quality barber&#039;s trimmer is a tool from the prestigious Red Deer\u00ae company.<\/p>\n<p>The ability to use wirelessly or connect directly to the power supply allows for complete freedom of work. Extremely quiet, lightweight and free from any vibrations and oscillations.<\/p>\n<\/div>\n<\/div>\n<\/div>\n<p>Red Deer \u2013 Red Deer is<span class=\"Apple-converted-space\">\u00a0 <\/span>king of the forest with an unimaginable marriage of vigor and grace. This tool from the prestigious Red Deer\u00ae company bridges the gap between the style consciousness of the \u201cgood old days\u201d and the latest technology of the highest quality.<\/p>\n<p>A brand for anyone who wants to create a masculine masterpiece of styling with wild precision. <span class=\"Apple-converted-space\">\u00a0 \u00a0 \u00a0 \u00a0 \u00a0 \u00a0 \u00a0 \u00a0 \u00a0 \u00a0 \u00a0 \u00a0 \u00a0 \u00a0 \u00a0 \u00a0 \u00a0 \u00a0 \u00a0 \u00a0 <\/span><\/p>\n<p>WILD PRECISION FOR MALE DREAM CREATORS!<span class=\"Apple-converted-space\">\u00a0 \u00a0 \u00a0 \u00a0 \u00a0 \u00a0 \u00a0 \u00a0 \u00a0 \u00a0 \u00a0 \u00a0 \u00a0 \u00a0 \u00a0 \u00a0 \u00a0 \u00a0 \u00a0 \u00a0 \u00a0 \u00a0 \u00a0 \u00a0 \u00a0 \u00a0 \u00a0 \u00a0 \u00a0 \u00a0 \u00a0 \u00a0 \u00a0 \u00a0 \u00a0 \u00a0 \u00a0 \u00a0 \u00a0 \u00a0 \u00a0<\/span><span class=\"Apple-converted-space\">\u00a0 \u00a0 \u00a0 \u00a0 \u00a0 \u00a0 \u00a0 \u00a0 \u00a0 \u00a0 \u00a0 \u00a0 \u00a0 \u00a0 \u00a0 \u00a0 \u00a0\u00a0<\/span><\/p>\n<div class=\"page\" title=\"Page 15\">\n<div class=\"layoutArea\">\n<div class=\"column\">\n<p>&nbsp;<\/p>\n<\/div>\n<\/div>\n<\/div>","protected":false},"excerpt":{"rendered":"<p>\u203c\ufe0f\u203c\ufe0fMade in Germany! Profesjonalny BARBER\u00a0 T-TRIMMER\u00a0 \u00a0 \u00a0 \u00a0 \u00a0 \u00a0 Najwyz\u0307szej jakos\u0301ci barberski trymer to narze\u0328dzie prestiz\u0307owej firmy Red Deer\u00ae. Moz\u0307liwos\u0301c\u0301 bezprzewodowo stosowania lub bezpos\u0301redniego pod\u0142a\u0328czenia do zasilania umoz\u0307liwia ca\u0142kowita\u0328 swobode\u0328 pracy. Niezwykle cichy, lekki\u00a0i pozbawiony wszelkich drgan\u0301 i wibracji. Red Deer &#8211; Czerwony Jele\u0144 jest\u00a0 kr\u00f3lem lasu z niewyobra\u017calnym maria\u017cem wigoru i wdzi\u0119ku. To narz\u0119dzie presti\u017cowej firmy Red Deer\u00ae wype\u0142nia&#8230;<\/p>","protected":false},"featured_media":1533,"template":"","meta":{"_themeisle_gutenberg_block_has_review":false},"product_brand":[],"product_cat":[180],"product_tag":[],"class_list":{"0":"post-1285","1":"product","2":"type-product","3":"status-publish","4":"has-post-thumbnail","6":"product_cat-exonda","8":"first","9":"instock","10":"taxable","11":"shipping-taxable","12":"purchasable","13":"product-type-simple"},"acf":[],"_links":{"self":[{"href":"https:\/\/welonda.pl\/en\/wp-json\/wp\/v2\/product\/1285","targetHints":{"allow":["GET"]}}],"collection":[{"href":"https:\/\/welonda.pl\/en\/wp-json\/wp\/v2\/product"}],"about":[{"href":"https:\/\/welonda.pl\/en\/wp-json\/wp\/v2\/types\/product"}],"wp:featuredmedia":[{"embeddable":true,"href":"https:\/\/welonda.pl\/en\/wp-json\/wp\/v2\/media\/1533"}],"wp:attachment":[{"href":"https:\/\/welonda.pl\/en\/wp-json\/wp\/v2\/media?parent=1285"}],"wp:term":[{"taxonomy":"product_brand","embeddable":true,"href":"https:\/\/welonda.pl\/en\/wp-json\/wp\/v2\/product_brand?post=1285"},{"taxonomy":"product_cat","embeddable":true,"href":"https:\/\/welonda.pl\/en\/wp-json\/wp\/v2\/product_cat?post=1285"},{"taxonomy":"product_tag","embeddable":true,"href":"https:\/\/welonda.pl\/en\/wp-json\/wp\/v2\/product_tag?post=1285"}],"curies":[{"name":"wp","href":"https:\/\/api.w.org\/{rel}","templated":true}]}}