{"id":485,"date":"2021-04-22T08:59:18","date_gmt":"2021-04-22T06:59:18","guid":{"rendered":"http:\/\/welonda.pl\/?page_id=485"},"modified":"2025-12-16T21:16:29","modified_gmt":"2025-12-16T20:16:29","slug":"wysylka-i-dostawa","status":"publish","type":"page","link":"https:\/\/welonda.pl\/en\/wysylka-i-dostawa\/","title":{"rendered":"Shipping and delivery"},"content":{"rendered":"<div class=\"elementor-element elementor-element-25b517a elementor-widget elementor-widget-text-editor\" data-id=\"25b517a\" data-element_type=\"widget\" data-widget_type=\"text-editor.default\">\n<div class=\"elementor-widget-container\">\n<h3><strong>Dost\u0119pne formy dostawy:<\/strong><\/h3>\n<ul>\n<li>Kurier DPD<\/li>\n<\/ul>\n<p>Wi\u0119cej szczeg\u00f3\u0142\u00f3w dotycz\u0105cych realizacji przez nas zam\u00f3wie\u0144 znajdziesz w zak\u0142adce <a href=\"https:\/\/welonda.pl\/en\/bezpieczenstwo\/\" target=\"_blank\" rel=\"noopener\">Regulamin sklepu.<\/a><\/p>\n<\/div>\n<\/div>","protected":false},"excerpt":{"rendered":"<p>Dost\u0119pne formy dostawy: Kurier DPD Wi\u0119cej szczeg\u00f3\u0142\u00f3w dotycz\u0105cych realizacji przez nas zam\u00f3wie\u0144 znajdziesz w zak\u0142adce Regulamin sklepu.<\/p>","protected":false},"author":1,"featured_media":0,"parent":0,"menu_order":0,"comment_status":"closed","ping_status":"closed","template":"","meta":{"_themeisle_gutenberg_block_has_review":false,"footnotes":""},"class_list":["post-485","page","type-page","status-publish","hentry"],"acf":[],"_links":{"self":[{"href":"https:\/\/welonda.pl\/en\/wp-json\/wp\/v2\/pages\/485","targetHints":{"allow":["GET"]}}],"collection":[{"href":"https:\/\/welonda.pl\/en\/wp-json\/wp\/v2\/pages"}],"about":[{"href":"https:\/\/welonda.pl\/en\/wp-json\/wp\/v2\/types\/page"}],"author":[{"embeddable":true,"href":"https:\/\/welonda.pl\/en\/wp-json\/wp\/v2\/users\/1"}],"replies":[{"embeddable":true,"href":"https:\/\/welonda.pl\/en\/wp-json\/wp\/v2\/comments?post=485"}],"version-history":[{"count":9,"href":"https:\/\/welonda.pl\/en\/wp-json\/wp\/v2\/pages\/485\/revisions"}],"predecessor-version":[{"id":2591,"href":"https:\/\/welonda.pl\/en\/wp-json\/wp\/v2\/pages\/485\/revisions\/2591"}],"wp:attachment":[{"href":"https:\/\/welonda.pl\/en\/wp-json\/wp\/v2\/media?parent=485"}],"curies":[{"name":"wp","href":"https:\/\/api.w.org\/{rel}","templated":true}]}}